{"id":91,"date":"2017-02-07T19:54:37","date_gmt":"2017-02-07T18:54:37","guid":{"rendered":"http:\/\/sauer-rolf.de\/?page_id=91"},"modified":"2025-10-09T08:11:13","modified_gmt":"2025-10-09T06:11:13","slug":"unser-team","status":"publish","type":"page","link":"https:\/\/dacapomobil.de\/?page_id=91","title":{"rendered":"Unser Team"},"content":{"rendered":"<p>&nbsp;<\/p>\n<p style=\"text-align: center;\"><span style=\"font-family: verdana,geneva,sans-serif;\"><span style=\"color: #265e96;\"><span style=\"color: #ff6600; font-family: verdana,geneva,sans-serif; font-size: 18pt;\">Gesch\u00e4ftsf\u00fchrer:<\/span><br \/>\n<\/span><\/span><span style=\"font-family: verdana,geneva,sans-serif; font-size: 14pt;\">Justin Jansen<\/span><\/p>\n<p style=\"text-align: center;\"><span style=\"color: #ff6600; font-family: verdana,geneva,sans-serif; font-size: 14pt;\">Sekratariat:<\/span><br \/>\n<span style=\"font-family: verdana,geneva,sans-serif; font-size: 14pt;\">Antje Veith<br \/>\n<\/span><\/p>\n<p style=\"text-align: center;\"><span style=\"color: #ff6600; font-family: verdana,geneva,sans-serif; font-size: 14pt;\">K\u00fcche:<\/span><br \/>\n<span style=\"font-family: verdana,geneva,sans-serif; font-size: 14pt;\">J\u00f6rg Marquardt<br \/>\nDesir\u00e8e Mostert<\/span><\/p>\n<p style=\"text-align: center;\"><span style=\"color: #ff6600; font-family: verdana,geneva,sans-serif; font-size: 14pt;\">Service:<\/span><br \/>\n<span style=\"font-family: verdana,geneva,sans-serif; font-size: 14pt;\">Christiane Jansen<br \/>\nKim Ruland<br \/>\nNadine Jansen<\/span><\/p>\n<p style=\"text-align: center;\"><span style=\"color: #005000; font-family: verdana;\">_________________________________________<\/span><\/p>\n<h2 style=\"text-align: center;\"><span style=\"font-size: 18pt;\"><strong><span style=\"color: #ff6600; font-family: 'trebuchet ms', geneva, sans-serif;\">Mitarbeiter gesucht!!!<\/span><\/strong><\/span><\/h2>\n<p style=\"text-align: center;\"><span style=\"font-family: verdana,geneva,sans-serif;\">Wir suchen&nbsp;<\/span><br \/>\n<span style=\"font-family: verdana,geneva,sans-serif;\">flexible Aushilfen zur Bewirtung unserer G\u00e4ste,<\/span><br \/>\n<span style=\"font-family: verdana,geneva,sans-serif;\">sowohl nachmittags als auch bei Abendveranstaltungen.<\/span><\/p>\n<p style=\"text-align: center;\"><span style=\"font-family: verdana,geneva,sans-serif;\">Habt Ihr Zeit &amp; Lust neben Schule, Studium, Job oder Familie<\/span><br \/>\n<span style=\"font-family: verdana,geneva,sans-serif;\">im Service bzw. Thekendienst t\u00e4tig zu sein?<\/span><br \/>\n<span style=\"font-family: verdana,geneva,sans-serif;\"><br \/>\nIhr m\u00f6chtet Erfahrungen im Service sammeln?<br \/>\n<\/span><span style=\"font-family: verdana,geneva,sans-serif;\">Kein Problem!<\/span><br \/>\n<span style=\"font-family: verdana,geneva,sans-serif;\">Ihr habt schon Erfahrungen im Service?<br \/>\nNoch besser!<\/span><\/p>\n<p style=\"text-align: center;\"><span style=\"font-family: verdana,geneva,sans-serif;\">Ihr m\u00f6chtet lieber im K\u00fcchenbereich<br \/>\noder in der Sp\u00fclk\u00fcche aushelfen?<br \/>\nAuch da gibt es M\u00f6glichkeiten!<\/span><\/p>\n<p style=\"text-align: center;\"><span style=\"font-family: verdana, geneva, sans-serif;\">Meldet Euch bei uns.<br \/>\nSchickt uns am besten eine Kurz-Bewerbung<br \/>\nper E-Mail an<br \/>\nJustin Jansen bei<br \/>\n<strong><span style=\"font-family: verdana, geneva, sans-serif;\">info@dacapomobil.de!<\/span><br \/>\n<\/strong><br \/>\nWir freuen uns auf Euch!<\/span><\/p>\n<p style=\"text-align: center;\">&nbsp;<\/p>\n","protected":false},"excerpt":{"rendered":"<p>&nbsp; Gesch\u00e4ftsf\u00fchrer: Justin Jansen Sekratariat: Antje Veith K\u00fcche: J\u00f6rg Marquardt Desir\u00e8e Mostert Service: Christiane Jansen Kim Ruland Nadine Jansen _________________________________________ Mitarbeiter gesucht!!! Wir suchen&nbsp; flexible Aushilfen zur Bewirtung unserer G\u00e4ste, sowohl nachmittags als auch bei Abendveranstaltungen. Habt Ihr Zeit &amp; &hellip; <a href=\"https:\/\/dacapomobil.de\/?page_id=91\">Weiterlesen <span class=\"meta-nav\">&rarr;<\/span><\/a><\/p>\n","protected":false},"author":1,"featured_media":0,"parent":0,"menu_order":0,"comment_status":"closed","ping_status":"closed","template":"","meta":{"ngg_post_thumbnail":0,"footnotes":""},"class_list":["post-91","page","type-page","status-publish","hentry"],"_links":{"self":[{"href":"https:\/\/dacapomobil.de\/index.php?rest_route=\/wp\/v2\/pages\/91","targetHints":{"allow":["GET"]}}],"collection":[{"href":"https:\/\/dacapomobil.de\/index.php?rest_route=\/wp\/v2\/pages"}],"about":[{"href":"https:\/\/dacapomobil.de\/index.php?rest_route=\/wp\/v2\/types\/page"}],"author":[{"embeddable":true,"href":"https:\/\/dacapomobil.de\/index.php?rest_route=\/wp\/v2\/users\/1"}],"replies":[{"embeddable":true,"href":"https:\/\/dacapomobil.de\/index.php?rest_route=%2Fwp%2Fv2%2Fcomments&post=91"}],"version-history":[{"count":44,"href":"https:\/\/dacapomobil.de\/index.php?rest_route=\/wp\/v2\/pages\/91\/revisions"}],"predecessor-version":[{"id":1178,"href":"https:\/\/dacapomobil.de\/index.php?rest_route=\/wp\/v2\/pages\/91\/revisions\/1178"}],"wp:attachment":[{"href":"https:\/\/dacapomobil.de\/index.php?rest_route=%2Fwp%2Fv2%2Fmedia&parent=91"}],"curies":[{"name":"wp","href":"https:\/\/api.w.org\/{rel}","templated":true}]}}