{"id":593,"date":"2020-12-04T16:29:32","date_gmt":"2020-12-04T14:29:32","guid":{"rendered":"https:\/\/dacapomobil.de\/?page_id=593"},"modified":"2022-12-01T21:11:03","modified_gmt":"2022-12-01T19:11:03","slug":"aktuelles-2","status":"publish","type":"page","link":"https:\/\/dacapomobil.de\/","title":{"rendered":"Aktuelles"},"content":{"rendered":"<h2 style=\"text-align: center;\"><span style=\"font-size: 18pt;\"><strong><span style=\"color: #ff6600; font-family: 'trebuchet ms', geneva, sans-serif;\">Es geht weiter!!!<\/span><\/strong><\/span><\/h2>\n<p style=\"text-align: center;\"><span style=\"font-family: verdana,geneva,sans-serif;\">Liebe Kundinnen und Kunden,<\/span><\/p>\n<p style=\"text-align: center;\"><span style=\"font-family: verdana, geneva, sans-serif;\">ich habe zum 01. August 2022 DaCapomobil im Haus der Stadt<br \/>\nvon Richard B\u00fchl \u00fcbernommen.<\/span><\/p>\n<p style=\"text-align: center;\"><span style=\"font-family: verdana, geneva, sans-serif;\">Ich f\u00fchre <\/span><span style=\"font-family: verdana, geneva, sans-serif;\">sowohl das Bistro DaCapo im Haus der Stadt<br \/>\nals auch den Partyservice weiter.<br \/>\n<\/span><span style=\"font-family: verdana, geneva, sans-serif;\"><br \/>\nHerr Marquardt wird Sie weiterhin<br \/>\naus der K\u00fcche mit vielen K\u00f6stlichkeiten verw\u00f6hnen<br \/>\nund auch Frau Sauer steht mir im Sekretariat<br \/>\nweiterhin unterst\u00fctzend zur Seite.<\/span><\/p>\n<p style=\"text-align: center;\"><span style=\"font-family: verdana, geneva, sans-serif;\">Wir freuen uns sehr,<\/span><br \/>\n<span style=\"font-family: verdana, geneva, sans-serif;\">wenn Sie uns treu bleiben<\/span><br \/>\n<span style=\"font-family: verdana, geneva, sans-serif;\">und sind offen f\u00fcr neue Kunden und Events!<\/span><\/p>\n<p style=\"text-align: center;\"><span style=\"font-family: verdana, geneva, sans-serif;\">Gerne bewirten wir Sie in unseren R\u00e4umlichkeiten<\/span><br \/>\n<span style=\"font-family: verdana, geneva, sans-serif;\">oder auch an jedem anderen Ort Ihrer Wahl.<\/span><\/p>\n<p style=\"text-align: center;\"><span style=\"font-family: verdana, geneva, sans-serif;\">Melden Sie sich gerne bei uns!<\/span><\/p>\n<h2 style=\"text-align: center;\"><span style=\"font-family: 'trebuchet ms', geneva, sans-serif; font-size: 18pt;\"><strong><span style=\"color: #ff6600;\">Justin Jansen<br \/>\n&amp; sein Team<\/span><\/strong><\/span><\/h2>\n<p>&nbsp;<\/p>\n<p style=\"text-align: center;\">__________________________________________________________<\/p>\n<h2>&nbsp;<\/h2>\n<h2 style=\"text-align: center;\"><span style=\"font-size: 18pt;\"><strong><span style=\"color: #ff6600; font-family: 'trebuchet ms', geneva, sans-serif;\"><br \/>\nWir freuen uns sehr&#8230;..<br \/>\nEs geht dann doch weiter!!!<\/span><\/strong><\/span><\/h2>\n<p style=\"text-align: center;\"><span style=\"font-family: verdana,geneva,sans-serif;\">Liebe Kundinnen und Kunden,<\/span><\/p>\n<p style=\"text-align: center;\"><span style=\"font-family: verdana, geneva, sans-serif;\">ich freue mich Ihnen mitteilen zu k\u00f6nnen,&nbsp;<br \/>\ndass DaCapomobil in D\u00fcren bestehen bleiben wird!<\/span><\/p>\n<p style=\"text-align: center;\"><span style=\"font-family: verdana, geneva, sans-serif;\">Mein Mitarbeiter<br \/>\nJustin Jansen<br \/>\n\u00fcbernimmt ab dem 01. August 2022<br \/>\nDaCapomobil im Haus der Stadt.&nbsp;<br \/>\n<\/span><\/p>\n<p style=\"text-align: center;\"><span style=\"font-family: verdana, geneva, sans-serif;\">Herr Jansen wird sowohl das Bistro DaCapo im Haus der Stadt<br \/>\nals auch den Partyservice weiterf\u00fchren.<br \/>\nVielen von Ihnen ist Herr Jansen durch seine langj\u00e4hrige T\u00e4tigkeit<br \/>\nbei DaCapomobil bereits bekannt.&nbsp;<\/span><\/p>\n<p style=\"text-align: center;\"><span style=\"font-family: verdana, geneva, sans-serif;\">Herr Marquardt wird Sie weiterhin<br \/>\naus der K\u00fcche mit vielen K\u00f6stlichkeiten verw\u00f6hnen.<\/span><\/p>\n<p style=\"text-align: center;\"><span style=\"font-family: verdana, geneva, sans-serif;\">Auch ich werde Herrn Jansen gelegentlich noch zur Seite stehen<\/span><br \/>\n<span style=\"font-family: verdana, geneva, sans-serif;\">und w\u00fcnsche ihm <\/span><span style=\"font-family: verdana, geneva, sans-serif;\">f\u00fcr die Weiterf\u00fchrung von DaCapomobil alles Gute.<\/span><\/p>\n<h2 style=\"text-align: center;\"><span style=\"font-family: 'trebuchet ms', geneva, sans-serif; font-size: 18pt;\"><strong><span style=\"color: #ff6600;\">Richard B\u00fchl<\/span><\/strong><\/span><\/h2>\n<p>&nbsp;<\/p>\n<p style=\"text-align: center;\">__________________________________________________________<\/p>\n<p style=\"text-align: center;\"><span style=\"font-family: verdana, geneva, sans-serif;\"><br \/>\n<\/span><span style=\"font-family: verdana, geneva, sans-serif;\"><br \/>\n<\/span><\/p>\n<h2 style=\"text-align: center;\"><span style=\"font-size: 18pt;\"><strong><span style=\"color: #ff6600; font-family: 'trebuchet ms', geneva, sans-serif;\">Danke &amp; tsch\u00fcss&#8230;..<br \/>\nIch bin dann mal weg&#8230;..<\/span><\/strong><\/span><\/h2>\n<p style=\"text-align: center;\"><span style=\"font-family: verdana,geneva,sans-serif;\">Liebe Kundinnen und Kunden,<\/span><\/p>\n<p style=\"text-align: center;\"><span style=\"font-family: verdana, geneva, sans-serif;\">ich bedanke mich f\u00fcr die langj\u00e4hrige gute Zusammenarbeit und<br \/>\nf\u00fcr das in mich und meine Mitarbeiter gesetzte Vertrauen.<br \/>\nF\u00fcr das Lob und die Anerkennung, die wir in all den Jahren erfahren durften, bin ich sehr dankbar.<br \/>\nWir hatten in den vergangenen 25 Jahren sehr viel Freude<br \/>\nmit Ihnen und unserer Arbeit.<\/span><\/p>\n<p style=\"text-align: center;\"><span style=\"font-family: verdana, geneva, sans-serif;\">Mein weiterer Lebensweg zieht mich nun an einen anderen Ort und<br \/>\ndeshalb werde ich meinen Betrieb in D\u00fcren<br \/>\nmit einem lachenden und einem weinenden Auge<br \/>\nzum 31. Juli diesen Jahres schlie\u00dfen.<\/span><\/p>\n<p style=\"text-align: center;\"><span style=\"font-family: verdana, geneva, sans-serif;\">Nach dem Start im Haus der Stadt in D\u00fcren bin ich in dem Vierteljahrhundert<br \/>\nmeines Firmenbestehens einen abwechslungsreichen Weg<br \/>\nmit einigen wechselnden Stationen gegangen.<br \/>\nDazu z\u00e4hlten unter anderem die Gastronomie des Golfclubs in D\u00fcren,<br \/>\ndas Betriebsrestaurant der Sparkasse D\u00fcren oder<br \/>\nauch die Bewirtung von G\u00e4sten im Leopold-Hoesch-Museum und<br \/>\ndie der Sch\u00fcler und Lehrer in der Mensa des Wirteltorgymnasiums.<\/span><\/p>\n<p style=\"text-align: center;\"><span style=\"font-family: verdana, geneva, sans-serif;\">Die letzten Jahre habe ich wieder im Haus der Stadt in D\u00fcren verbracht<br \/>\nund dazu dann im vergangenen Corona-Jahr&nbsp;<br \/>\ndie Au\u00dfengastronomie im Sommergarten auf Schloss Burgau aufgebaut.<br \/>\nAuch auf diesem Weg, der aufgrund von Corona nicht immer einfach war,<br \/>\nhaben uns viele unserer Kund*innen begleitet.<br \/>\nDabei haben wir sehr viel Sch\u00f6nes erlebt und<br \/>\nviele interessante Menschen kennengelernt.<\/span><\/p>\n<p style=\"text-align: center;\"><span style=\"font-family: verdana, geneva, sans-serif;\">Mit unseren vielf\u00e4ltigen Catering Events habe ich in all den Jahren<br \/>\nmit meinem Team gro\u00dfe und kleine Feiern bei Ihnen zu Hause<br \/>\noder in den verschiedensten Locations verwirklichen d\u00fcrfen.<br \/>\nOft konnten wir hier kreativ sein, Spa\u00df haben und<br \/>\nganz besondere Momente f\u00fcr Sie und Ihre G\u00e4ste kreieren.<\/span><\/p>\n<p style=\"text-align: center;\"><span style=\"font-family: verdana, geneva, sans-serif;\">Ich bedanke mich noch einmal f\u00fcr all\u2019 das Vertrauen und die sch\u00f6nen Zeiten.<br \/>\nIch w\u00fcnsche Ihnen alles erdenklich Gute.<\/span><\/p>\n<h2 style=\"text-align: center;\"><span style=\"font-family: verdana, geneva, sans-serif;\"><strong><span style=\"font-size: 14pt; color: #ff6600;\">Richard B\u00fchl &amp; sein Team<\/span><\/strong><\/span><\/h2>\n<p>&nbsp;<\/p>\n<p>&nbsp;<\/p>\n","protected":false},"excerpt":{"rendered":"<p>Es geht weiter!!! Liebe Kundinnen und Kunden, ich habe zum 01. August 2022 DaCapomobil im Haus der Stadt von Richard B\u00fchl \u00fcbernommen. Ich f\u00fchre sowohl das Bistro DaCapo im Haus der Stadt als auch den Partyservice weiter. Herr Marquardt wird &hellip; <a href=\"https:\/\/dacapomobil.de\/\">Weiterlesen <span class=\"meta-nav\">&rarr;<\/span><\/a><\/p>\n","protected":false},"author":2,"featured_media":0,"parent":0,"menu_order":0,"comment_status":"closed","ping_status":"closed","template":"","meta":{"ngg_post_thumbnail":0,"footnotes":""},"class_list":["post-593","page","type-page","status-publish","hentry"],"_links":{"self":[{"href":"https:\/\/dacapomobil.de\/index.php?rest_route=\/wp\/v2\/pages\/593","targetHints":{"allow":["GET"]}}],"collection":[{"href":"https:\/\/dacapomobil.de\/index.php?rest_route=\/wp\/v2\/pages"}],"about":[{"href":"https:\/\/dacapomobil.de\/index.php?rest_route=\/wp\/v2\/types\/page"}],"author":[{"embeddable":true,"href":"https:\/\/dacapomobil.de\/index.php?rest_route=\/wp\/v2\/users\/2"}],"replies":[{"embeddable":true,"href":"https:\/\/dacapomobil.de\/index.php?rest_route=%2Fwp%2Fv2%2Fcomments&post=593"}],"version-history":[{"count":73,"href":"https:\/\/dacapomobil.de\/index.php?rest_route=\/wp\/v2\/pages\/593\/revisions"}],"predecessor-version":[{"id":1144,"href":"https:\/\/dacapomobil.de\/index.php?rest_route=\/wp\/v2\/pages\/593\/revisions\/1144"}],"wp:attachment":[{"href":"https:\/\/dacapomobil.de\/index.php?rest_route=%2Fwp%2Fv2%2Fmedia&parent=593"}],"curies":[{"name":"wp","href":"https:\/\/api.w.org\/{rel}","templated":true}]}}