{"id":554,"date":"2018-09-18T09:41:53","date_gmt":"2018-09-18T07:41:53","guid":{"rendered":"http:\/\/dacapomobil.de\/?page_id=554"},"modified":"2023-02-23T13:48:53","modified_gmt":"2023-02-23T11:48:53","slug":"datenschutzerklaerung","status":"publish","type":"page","link":"https:\/\/dacapomobil.de\/?page_id=554","title":{"rendered":"Datenschutzerkl\u00e4rung"},"content":{"rendered":"<p style=\"text-align: justify;\"><span style=\"font-family: trebuchet ms,geneva,sans-serif; font-size: 14pt;\"><strong>Grundlegendes<\/strong><\/span><\/p>\n<h4 style=\"text-align: justify;\"><span style=\"font-family: trebuchet ms,geneva,sans-serif; font-size: 12pt;\">Diese Datenschutzerkl\u00e4rung soll die Nutzer dieser Website \u00fcber die Art, den Umfang und den Zweck der Erhebung und Verwendung personenbezogener Daten durch den Websitebetreiber <a href=\"mailto:info@dacapomobil.de\">info@dacapomobil.de<\/a> informieren.<\/span><\/h4>\n<p style=\"text-align: justify;\"><span style=\"font-family: trebuchet ms,geneva,sans-serif; font-size: 12pt;\">Der Websitebetreiber nimmt Ihren Datenschutz sehr ernst und behandelt Ihre personenbezogenen Daten vertraulich und entsprechend der gesetzlichen Vorschriften. Da durch neue Technologien und die st\u00e4ndige Weiterentwicklung dieser Webseite \u00c4nderungen an dieser Datenschutzerkl\u00e4rung vorgenommen werden k\u00f6nnen, empfehlen wir Ihnen sich die Datenschutzerkl\u00e4rung in regelm\u00e4\u00dfigen Abst\u00e4nden wieder durchzulesen.<\/span><\/p>\n<p style=\"text-align: justify;\"><span style=\"font-family: trebuchet ms,geneva,sans-serif; font-size: 12pt;\">Definitionen der verwendeten Begriffe (z.B. \u201cpersonenbezogene Daten\u201d oder \u201cVerarbeitung\u201d) finden Sie in Art. 4 DSGVO.<\/span><\/p>\n<p style=\"text-align: justify;\"><span style=\"font-family: trebuchet ms,geneva,sans-serif; font-size: 14pt;\"><strong>Umgang mit Kontaktdaten<\/strong><\/span><\/p>\n<p style=\"text-align: justify;\"><span style=\"font-family: trebuchet ms,geneva,sans-serif; font-size: 12pt;\">Nehmen Sie mit uns als Websitebetreiber durch die angebotenen Kontaktm\u00f6glichkeiten Verbindung auf, werden Ihre Angaben gespeichert, damit auf diese zur Bearbeitung und Beantwortung Ihrer Anfrage zur\u00fcckgegriffen werden kann. Ohne Ihre Einwilligung werden diese Daten nicht an Dritte weitergegeben.<\/span><\/p>\n<p style=\"text-align: justify;\"><span style=\"font-family: trebuchet ms,geneva,sans-serif; font-size: 14pt;\"><strong>Rechte des Nutzers<\/strong><\/span><\/p>\n<p style=\"text-align: justify;\"><span style=\"font-family: trebuchet ms,geneva,sans-serif; font-size: 12pt;\">Sie haben als Nutzer das Recht, auf Antrag eine kostenlose Auskunft dar\u00fcber zu erhalten, welche personenbezogenen Daten \u00fcber Sie gespeichert wurden. Sie haben au\u00dferdem das Recht auf Berichtigung falscher Daten und auf die Verarbeitungseinschr\u00e4nkung oder L\u00f6schung Ihrer personenbezogenen Daten. Falls zutreffend, k\u00f6nnen Sie auch Ihr Recht auf Datenportabilit\u00e4t geltend machen. Sollten Sie annehmen, dass Ihre Daten unrechtm\u00e4\u00dfig verarbeitet wurden, k\u00f6nnen Sie eine Beschwerde bei der zust\u00e4ndigen Aufsichtsbeh\u00f6rde einreichen.<\/span><\/p>\n<p style=\"text-align: justify;\"><span style=\"font-family: trebuchet ms,geneva,sans-serif; font-size: 14pt;\"><strong>L\u00f6schung von Daten<\/strong><\/span><\/p>\n<p style=\"text-align: justify;\"><span style=\"font-family: trebuchet ms,geneva,sans-serif; font-size: 12pt;\">Sofern Ihr Wunsch nicht mit einer gesetzlichen Pflicht zur Aufbewahrung von Daten (z. B. Vorratsdatenspeicherung) kollidiert, haben Sie ein Anrecht auf L\u00f6schung Ihrer Daten. Von uns gespeicherte Daten werden, sollten sie f\u00fcr ihre Zweckbestimmung nicht mehr vonn\u00f6ten sein und es keine gesetzlichen Aufbewahrungsfristen geben, gel\u00f6scht. Falls eine L\u00f6schung nicht durchgef\u00fchrt werden kann, da die Daten f\u00fcr zul\u00e4ssige gesetzliche Zwecke erforderlich sind, erfolgt eine Einschr\u00e4nkung der Datenverarbeitung. In diesem Fall werden die Daten gesperrt und nicht f\u00fcr andere Zwecke verarbeitet.<\/span><\/p>\n<h4 style=\"text-align: justify;\"><span style=\"font-family: trebuchet ms,geneva,sans-serif; font-size: 14pt;\"><strong>Widerspruchsrecht<\/strong><\/span><\/h4>\n<p style=\"text-align: justify;\"><span style=\"font-family: trebuchet ms,geneva,sans-serif; font-size: 12pt;\">Nutzer dieser Webseite k\u00f6nnen von ihrem Widerspruchsrecht Gebrauch machen und der Verarbeitung ihrer personenbezogenen Daten zu jeder Zeit widersprechen.<\/span><\/p>\n<p style=\"text-align: justify;\"><span style=\"font-family: trebuchet ms,geneva,sans-serif; font-size: 12pt;\">Wenn Sie eine Berichtigung, Sperrung, L\u00f6schung oder Auskunft \u00fcber die zu Ihrer Person gespeicherten personenbezogenen Daten w\u00fcnschen oder Fragen bzgl. der Erhebung, Verarbeitung oder Verwendung Ihrer personenbezogenen Daten haben oder erteilte Einwilligungen widerrufen m\u00f6chten, wenden Sie sich bitte an folgende E-Mail-Adresse: <a href=\"mailto:info@dacapomobil.de\">info@dacapomobil.de<\/a><\/span><\/p>\n<p><span style=\"font-family: 'trebuchet ms', geneva, sans-serif; font-size: 14pt;\"><strong>Cookies<\/strong><\/span><\/p>\n<p><span style=\"font-family: 'trebuchet ms', geneva, sans-serif;\">Unsere Website verwendet Cookies. Das sind kleine Textdateien, die Ihr Webbrowser auf Ihrem Endger\u00e4t speichert. Cookies helfen uns dabei, unser Angebot nutzerfreundlicher, effektiver und sicherer zu machen.<\/span><\/p>\n<p><span style=\"font-family: 'trebuchet ms', geneva, sans-serif;\">Einige Cookies sind \u201cSession-Cookies.\u201d Solche Cookies werden nach Ende Ihrer Browser-Sitzung von selbst gel\u00f6scht. Hingegen bleiben andere Cookies auf Ihrem Endger\u00e4t bestehen, bis Sie diese selbst l\u00f6schen. Solche Cookies helfen uns, Sie bei R\u00fcckkehr auf unserer Website wiederzuerkennen.<\/span><\/p>\n<p><span style=\"font-family: 'trebuchet ms', geneva, sans-serif;\">Mit einem modernen Webbrowser k\u00f6nnen Sie das Setzen von Cookies \u00fcberwachen, einschr\u00e4nken oder unterbinden. Viele Webbrowser lassen sich so konfigurieren, dass Cookies mit dem Schlie\u00dfen des Programms von selbst gel\u00f6scht werden. Die Deaktivierung von Cookies kann eine eingeschr\u00e4nkte Funktionalit\u00e4t unserer Website zur Folge haben.<\/span><\/p>\n<p><span style=\"font-family: 'trebuchet ms', geneva, sans-serif;\">Das Setzen von Cookies, die zur Aus\u00fcbung elektronischer Kommunikationsvorg\u00e4nge oder der Bereitstellung bestimmter, von Ihnen erw\u00fcnschter Funktionen (z.B. Warenkorb) notwendig sind, erfolgt auf Grundlage von Art. 6 Abs. 1 lit. f DSGVO. Als Betreiber dieser Website haben wir ein berechtigtes Interesse an der Speicherung von Cookies zur technisch fehlerfreien und reibungslosen Bereitstellung unserer Dienste. Sofern die Setzung anderer Cookies (z.B. f\u00fcr Analyse-Funktionen) erfolgt, werden diese in dieser Datenschutzerkl\u00e4rung separat behandelt.<\/span><\/p>\n","protected":false},"excerpt":{"rendered":"<p>Grundlegendes Diese Datenschutzerkl\u00e4rung soll die Nutzer dieser Website \u00fcber die Art, den Umfang und den Zweck der Erhebung und Verwendung personenbezogener Daten durch den Websitebetreiber info@dacapomobil.de informieren. Der Websitebetreiber nimmt Ihren Datenschutz sehr ernst und behandelt Ihre personenbezogenen Daten vertraulich &hellip; <a href=\"https:\/\/dacapomobil.de\/?page_id=554\">Weiterlesen <span class=\"meta-nav\">&rarr;<\/span><\/a><\/p>\n","protected":false},"author":3,"featured_media":0,"parent":0,"menu_order":0,"comment_status":"closed","ping_status":"closed","template":"","meta":{"ngg_post_thumbnail":0,"footnotes":""},"class_list":["post-554","page","type-page","status-publish","hentry"],"_links":{"self":[{"href":"https:\/\/dacapomobil.de\/index.php?rest_route=\/wp\/v2\/pages\/554","targetHints":{"allow":["GET"]}}],"collection":[{"href":"https:\/\/dacapomobil.de\/index.php?rest_route=\/wp\/v2\/pages"}],"about":[{"href":"https:\/\/dacapomobil.de\/index.php?rest_route=\/wp\/v2\/types\/page"}],"author":[{"embeddable":true,"href":"https:\/\/dacapomobil.de\/index.php?rest_route=\/wp\/v2\/users\/3"}],"replies":[{"embeddable":true,"href":"https:\/\/dacapomobil.de\/index.php?rest_route=%2Fwp%2Fv2%2Fcomments&post=554"}],"version-history":[{"count":7,"href":"https:\/\/dacapomobil.de\/index.php?rest_route=\/wp\/v2\/pages\/554\/revisions"}],"predecessor-version":[{"id":1161,"href":"https:\/\/dacapomobil.de\/index.php?rest_route=\/wp\/v2\/pages\/554\/revisions\/1161"}],"wp:attachment":[{"href":"https:\/\/dacapomobil.de\/index.php?rest_route=%2Fwp%2Fv2%2Fmedia&parent=554"}],"curies":[{"name":"wp","href":"https:\/\/api.w.org\/{rel}","templated":true}]}}