{"id":170,"date":"2017-02-09T10:48:11","date_gmt":"2017-02-09T09:48:11","guid":{"rendered":"http:\/\/dacapomobil.de\/?page_id=170"},"modified":"2021-10-27T10:40:27","modified_gmt":"2021-10-27T08:40:27","slug":"bilder-aus-dem-haus-der-stadt","status":"publish","type":"page","link":"https:\/\/dacapomobil.de\/?page_id=170","title":{"rendered":"Haus der Stadt"},"content":{"rendered":"<p style=\"text-align: center;\"><span style=\"font-family: verdana,geneva,sans-serif; font-size: 12pt;\">Sie finden uns seit 2016 im Bistro DaCapo im Haus der Stadt in D\u00fcren.&nbsp;<br>Wir bewirten Sie&nbsp;vor Ort&nbsp;bei allen kulturellen Veranstaltungen.&nbsp;<br>Es erwarten Sie viele&nbsp;verschiedene Getr\u00e4nke,<br>aber auch&nbsp;wechselnde kleine K\u00f6stlichkeiten,<br>die Sie vorher, in der Pause oder auch danach genie\u00dfen k\u00f6nnen.&nbsp;<\/span><\/p>\r\n<p style=\"text-align: center;\"><span style=\"font-family: verdana, geneva, sans-serif;\">Sie m\u00f6chten Wartezeiten in den Pausen vermeiden? <\/span><span style=\"font-family: verdana, geneva, sans-serif;\">Kein Problem!<\/span><br><span style=\"font-family: verdana, geneva, sans-serif;\">Sehr gerne nehmen wir vor Ort Ihre Reservierungen <br>vor Beginn der Veranstaltung entgegen. <br>Ihre Getr\u00e4nke erwarten Sie dann p\u00fcnktlich zur Pause <br>an dem von Ihnen reservierten Tisch <br>&amp; Sie k\u00f6nnen in aller Ruhe Ihre Pause genie\u00dfen.<\/span><\/p>\r\n<p>&nbsp;<\/p>\r\n<p style=\"text-align: center;\"><strong><span style=\"font-family: verdana, geneva, sans-serif; font-size: 14pt; color: #ff6600;\">______________<\/span><\/strong><\/p>\r\n<p>&nbsp;<\/p>\r\n<p style=\"text-align: center;\"><span style=\"font-family: verdana,geneva,sans-serif; font-size: 12pt;\">Daneben erfolgt unsererseits die Bewirtung<br>der G\u00e4ste bei Seniorenveranstaltungen, Karnevalssitzungen,<br>dem j\u00e4hrlichen Summer Brazz oder<br>Veranstaltungen in der Stadtb\u00fccherei beispielsweise. <\/span><\/p>\r\n<p style=\"text-align: center;\"><span style=\"font-family: verdana,geneva,sans-serif; font-size: 12pt;\">Sehr gerne erwarten wir Sie in diesen R\u00e4umlichkeiten<br>aber auch zu&nbsp;Firmenevents oder zu Ihren privaten Geburtstagsfeiern, Hochzeiten oder \u00e4hnlichem.&nbsp;<\/span><\/p>\r\n<p style=\"text-align: center;\"><span style=\"font-family: verdana,geneva,sans-serif; font-size: 12pt;\">Sprechen Sie uns an! Wir freuen uns auf Sie! <\/span><\/p>\r\n<p>&nbsp;<\/p>\r\n","protected":false},"excerpt":{"rendered":"<p>Sie finden uns seit 2016 im Bistro DaCapo im Haus der Stadt in D\u00fcren.&nbsp;Wir bewirten Sie&nbsp;vor Ort&nbsp;bei allen kulturellen Veranstaltungen.&nbsp;Es erwarten Sie viele&nbsp;verschiedene Getr\u00e4nke,aber auch&nbsp;wechselnde kleine K\u00f6stlichkeiten,die Sie vorher, in der Pause oder auch danach genie\u00dfen k\u00f6nnen.&nbsp; Sie m\u00f6chten Wartezeiten &hellip; <a href=\"https:\/\/dacapomobil.de\/?page_id=170\">Weiterlesen <span class=\"meta-nav\">&rarr;<\/span><\/a><\/p>\n","protected":false},"author":3,"featured_media":0,"parent":0,"menu_order":0,"comment_status":"closed","ping_status":"closed","template":"","meta":{"ngg_post_thumbnail":0,"footnotes":""},"class_list":["post-170","page","type-page","status-publish","hentry"],"_links":{"self":[{"href":"https:\/\/dacapomobil.de\/index.php?rest_route=\/wp\/v2\/pages\/170","targetHints":{"allow":["GET"]}}],"collection":[{"href":"https:\/\/dacapomobil.de\/index.php?rest_route=\/wp\/v2\/pages"}],"about":[{"href":"https:\/\/dacapomobil.de\/index.php?rest_route=\/wp\/v2\/types\/page"}],"author":[{"embeddable":true,"href":"https:\/\/dacapomobil.de\/index.php?rest_route=\/wp\/v2\/users\/3"}],"replies":[{"embeddable":true,"href":"https:\/\/dacapomobil.de\/index.php?rest_route=%2Fwp%2Fv2%2Fcomments&post=170"}],"version-history":[{"count":27,"href":"https:\/\/dacapomobil.de\/index.php?rest_route=\/wp\/v2\/pages\/170\/revisions"}],"predecessor-version":[{"id":1093,"href":"https:\/\/dacapomobil.de\/index.php?rest_route=\/wp\/v2\/pages\/170\/revisions\/1093"}],"wp:attachment":[{"href":"https:\/\/dacapomobil.de\/index.php?rest_route=%2Fwp%2Fv2%2Fmedia&parent=170"}],"curies":[{"name":"wp","href":"https:\/\/api.w.org\/{rel}","templated":true}]}}