{"id":100,"date":"2016-05-10T03:48:21","date_gmt":"2016-05-10T02:48:21","guid":{"rendered":"http:\/\/wp452m.a10-52-158-154.qa.plesk.ru\/wordpress\/?page_id=2"},"modified":"2022-12-01T21:11:29","modified_gmt":"2022-12-01T19:11:29","slug":"sample-page-2","status":"publish","type":"page","link":"https:\/\/dacapomobil.de\/?page_id=100","title":{"rendered":"Catering"},"content":{"rendered":"<p>&nbsp;<\/p>\n<p style=\"text-align: left;\"><span style=\"font-size: 24pt;\"><strong><span style=\"color: #ff6600; font-family: verdana,geneva,sans-serif;\">Die Philosophie unseres Unternehmens<\/span><\/strong><\/span><\/p>\n<p style=\"text-align: justify;\"><span style=\"font-family: verdana,geneva,sans-serif; font-size: 12pt;\">Wir verarbeiten frische Zutaten aus der Region nach eigenen Rezepten liebevoll zu Ihrem Wunschmen\u00fc. Das bedeutet kulinarischen Genu\u00df auf h\u00f6chstem Niveau.<\/span><\/p>\n<p style=\"text-align: justify;\"><span style=\"font-family: verdana,geneva,sans-serif; font-size: 12pt;\">W\u00e4hlen Sie exklusives Fingerfood, kulinarische Buffets oder mehrg\u00e4ngige Men\u00fcs f\u00fcr jeden Anlass und ganz nach Ihren W\u00fcnschen! Eine individuelle Beratung ist f\u00fcr uns selbstverst\u00e4ndlich.<\/span><\/p>\n<p style=\"text-align: justify;\"><span style=\"font-family: verdana,geneva,sans-serif; font-size: 12pt;\">Dar\u00fcber hinaus erhalten Sie von uns Getr\u00e4nke aus unserem reichhaltigen Angebot. Selbstverst\u00e4ndlich haben Sie auch die M\u00f6glichkeit jegliches Equipment von uns mit geliefert zu bekommen. Das Personal stellen wir auf Wunsch auch gerne zur Verf\u00fcgung.<\/span><\/p>\n<p style=\"text-align: justify;\"><span style=\"font-family: verdana,geneva,sans-serif; font-size: 12pt;\">Sie m\u00f6chten in unseren R\u00e4umlichkeiten feiern? Kein Problem.&nbsp; Wir kommen aber auch gerne zu Ihnen nach Hause oder an jeden von Ihnen gew\u00e4hlten Ort und bereiten Ihnen dort ein unvergessliches Fest.&nbsp; Selbstverst\u00e4ndlich helfen wir Ihnen auch gerne den passenden Ort f\u00fcr Ihre Feierlichkeit zu finden.<\/span><\/p>\n<p style=\"text-align: justify;\"><span style=\"font-family: verdana,geneva,sans-serif; font-size: 12pt;\">Von der Planung, \u00fcber den Aufbau, das Eindecken, das Dekorieren, den Service bis hin zum Abbau \u2013&nbsp; Sie sind der Gastgeber, den Rest erledigen wir f\u00fcr Sie!<\/span><\/p>\n<p><span style=\"font-size: 14pt;\"><strong><span style=\"color: #ff6600; font-family: verdana,geneva,sans-serif;\">Justin Jansen &amp; sein Team von DaCapomobil&nbsp;<\/span><\/strong><\/span><\/p>\n","protected":false},"excerpt":{"rendered":"<p>&nbsp; Die Philosophie unseres Unternehmens Wir verarbeiten frische Zutaten aus der Region nach eigenen Rezepten liebevoll zu Ihrem Wunschmen\u00fc. Das bedeutet kulinarischen Genu\u00df auf h\u00f6chstem Niveau. W\u00e4hlen Sie exklusives Fingerfood, kulinarische Buffets oder mehrg\u00e4ngige Men\u00fcs f\u00fcr jeden Anlass und ganz &hellip; <a href=\"https:\/\/dacapomobil.de\/?page_id=100\">Weiterlesen <span class=\"meta-nav\">&rarr;<\/span><\/a><\/p>\n","protected":false},"author":1,"featured_media":0,"parent":0,"menu_order":0,"comment_status":"closed","ping_status":"closed","template":"","meta":{"ngg_post_thumbnail":0,"footnotes":""},"class_list":["post-100","page","type-page","status-publish","hentry"],"_links":{"self":[{"href":"https:\/\/dacapomobil.de\/index.php?rest_route=\/wp\/v2\/pages\/100","targetHints":{"allow":["GET"]}}],"collection":[{"href":"https:\/\/dacapomobil.de\/index.php?rest_route=\/wp\/v2\/pages"}],"about":[{"href":"https:\/\/dacapomobil.de\/index.php?rest_route=\/wp\/v2\/types\/page"}],"author":[{"embeddable":true,"href":"https:\/\/dacapomobil.de\/index.php?rest_route=\/wp\/v2\/users\/1"}],"replies":[{"embeddable":true,"href":"https:\/\/dacapomobil.de\/index.php?rest_route=%2Fwp%2Fv2%2Fcomments&post=100"}],"version-history":[{"count":21,"href":"https:\/\/dacapomobil.de\/index.php?rest_route=\/wp\/v2\/pages\/100\/revisions"}],"predecessor-version":[{"id":1145,"href":"https:\/\/dacapomobil.de\/index.php?rest_route=\/wp\/v2\/pages\/100\/revisions\/1145"}],"wp:attachment":[{"href":"https:\/\/dacapomobil.de\/index.php?rest_route=%2Fwp%2Fv2%2Fmedia&parent=100"}],"curies":[{"name":"wp","href":"https:\/\/api.w.org\/{rel}","templated":true}]}}